{"id":244,"date":"2026-02-12T16:11:07","date_gmt":"2026-02-12T16:11:07","guid":{"rendered":"https:\/\/test.restoranmilagro.com\/?page_id=244"},"modified":"2026-03-17T13:16:12","modified_gmt":"2026-03-17T12:16:12","slug":"meni","status":"publish","type":"page","link":"https:\/\/restoranmilagro.com\/en\/menu\/","title":{"rendered":"MENU"},"content":{"rendered":"<p>[et_pb_section fb_built=&#8220;1&#8243; admin_label=&#8220;Programs&#8220; _builder_version=&#8220;4.25.1&#8243; _module_preset=&#8220;_initial&#8220; collapsed=&#8220;on&#8220; global_colors_info=&#8220;{}&#8220;][et_pb_row _builder_version=&#8220;4.25.1&#8243; _module_preset=&#8220;default&#8220; global_colors_info=&#8220;{}&#8220;][et_pb_column type=&#8220;4_4&#8243; _builder_version=&#8220;4.25.1&#8243; _module_preset=&#8220;_initial&#8220; global_colors_info=&#8220;{}&#8220;][et_pb_heading title=&#8220;Ukusi za svako raspolo\u017eenje&#8220; _builder_version=&#8220;4.27.5&#8243; _module_preset=&#8220;_initial&#8220; title_level=&#8220;h2&#8243; title_font=&#8220;Poppins||||||||&#8220; title_text_align=&#8220;center&#8220; title_text_color=&#8220;#cd9933&#8243; title_font_size=&#8220;52px&#8220; title_line_height=&#8220;1.2em&#8220; title_font_size_tablet=&#8220;32px&#8220; title_font_size_phone=&#8220;32px&#8220; title_font_size_last_edited=&#8220;on|desktop&#8220; global_colors_info=&#8220;{}&#8220;][\/et_pb_heading][\/et_pb_column][\/et_pb_row][et_pb_row column_structure=&#8220;1_3,1_3,1_3&#8243; _builder_version=&#8220;4.27.5&#8243; _module_preset=&#8220;default&#8220; global_colors_info=&#8220;{}&#8220;][et_pb_column type=&#8220;1_3&#8243; _builder_version=&#8220;4.25.1&#8243; _module_preset=&#8220;_initial&#8220; global_colors_info=&#8220;{}&#8220;][et_pb_image src=&#8220;https:\/\/restoranmilagro.com\/wp-content\/uploads\/2026\/02\/20191218-milagro-1.jpg&#8220; title_text=&#8220;20191218-milagro&#8220; _builder_version=&#8220;4.27.5&#8243; _module_preset=&#8220;_initial&#8220; max_width=&#8220;99%&#8220; custom_margin=&#8220;||||false|false&#8220; border_radii=&#8220;on|30px|30px|30px|30px&#8220; global_colors_info=&#8220;{}&#8220;][\/et_pb_image][et_pb_heading title=&#8220;Restoran Milagro&#8220; _builder_version=&#8220;4.27.5&#8243; _module_preset=&#8220;_initial&#8220; title_level=&#8220;h4&#8243; title_font=&#8220;Great Vibes||||||||&#8220; title_text_color=&#8220;#cd9933&#8243; title_font_size=&#8220;35px&#8220; title_line_height=&#8220;1.3em&#8220; custom_margin=&#8220;||0px||false|false&#8220; title_font_size_tablet=&#8220;20px&#8220; title_font_size_phone=&#8220;30px&#8220; title_font_size_last_edited=&#8220;on|desktop&#8220; global_colors_info=&#8220;{}&#8220;][\/et_pb_heading][et_pb_text quote_border_color=&#8220;#0047ff&#8220; _builder_version=&#8220;4.27.5&#8243; _module_preset=&#8220;_initial&#8220; text_font=&#8220;Poppins||||||||&#8220; text_font_size=&#8220;16px&#8220; text_line_height=&#8220;1.8em&#8220; link_text_color=&#8220;#0047ff&#8220; ul_line_height=&#8220;1.8em&#8220; ol_line_height=&#8220;1.8em&#8220; quote_font=&#8220;Urbanist||||||||&#8220; quote_text_color=&#8220;#0047ff&#8220; quote_font_size=&#8220;24px&#8220; quote_line_height=&#8220;1.3em&#8220; header_font=&#8220;Urbanist||||||||&#8220; header_font_size=&#8220;72px&#8220; header_line_height=&#8220;1.1em&#8220; header_2_font=&#8220;Urbanist||||||||&#8220; header_2_font_size=&#8220;52px&#8220; header_2_line_height=&#8220;1.2em&#8220; header_3_font=&#8220;Urbanist||||||||&#8220; header_3_font_size=&#8220;36px&#8220; header_3_line_height=&#8220;1.2em&#8220; header_4_font=&#8220;Urbanist||||||||&#8220; header_4_font_size=&#8220;24px&#8220; header_4_line_height=&#8220;1.3em&#8220; header_5_font=&#8220;Urbanist||||||||&#8220; header_5_font_size=&#8220;20px&#8220; header_5_line_height=&#8220;1.4em&#8220; header_6_font=&#8220;Urbanist||||||||&#8220; header_6_font_size=&#8220;16px&#8220; header_6_line_height=&#8220;1.4em&#8220; custom_margin=&#8220;||10px||false|false&#8220; text_font_size_tablet=&#8220;15px&#8220; text_font_size_phone=&#8220;14px&#8220; text_font_size_last_edited=&#8220;on|desktop&#8220; quote_font_size_tablet=&#8220;20px&#8220; quote_font_size_phone=&#8220;16px&#8220; quote_font_size_last_edited=&#8220;on|desktop&#8220; header_font_size_tablet=&#8220;40px&#8220; header_font_size_phone=&#8220;24px&#8220; header_font_size_last_edited=&#8220;on|desktop&#8220; header_2_font_size_tablet=&#8220;32px&#8220; header_2_font_size_phone=&#8220;20px&#8220; header_2_font_size_last_edited=&#8220;on|desktop&#8220; header_3_font_size_tablet=&#8220;24px&#8220; header_3_font_size_phone=&#8220;18px&#8220; header_3_font_size_last_edited=&#8220;on|desktop&#8220; header_4_font_size_tablet=&#8220;20px&#8220; header_4_font_size_phone=&#8220;16px&#8220; header_4_font_size_last_edited=&#8220;on|desktop&#8220; header_5_font_size_tablet=&#8220;18px&#8220; header_5_font_size_phone=&#8220;15px&#8220; header_5_font_size_last_edited=&#8220;on|desktop&#8220; header_6_font_size_tablet=&#8220;15px&#8220; header_6_font_size_phone=&#8220;14px&#8220; header_6_font_size_last_edited=&#8220;on|desktop&#8220; global_colors_info=&#8220;{}&#8220;]<\/p>\n<div data-message-author-role=\"assistant\" data-message-id=\"5e4d8551-46f2-48a1-8f44-9eb3cf573a81\" dir=\"auto\" class=\"min-h-8 text-message relative flex w-full flex-col items-end gap-2 text-start break-words whitespace-normal [.text-message+&amp;]:mt-1\" data-message-model-slug=\"gpt-5-2\">\n<div class=\"flex w-full flex-col gap-1 empty:hidden first:pt-[1px]\">\n<div class=\"markdown prose dark:prose-invert w-full wrap-break-word dark markdown-new-styling\">\n<p data-start=\"0\" data-end=\"144\" data-is-last-node=\"\" data-is-only-node=\"\">The Milagro restaurant menu offers selected specialties that combine top flavors, quality ingredients and a unique gastronomic experience.<\/p>\n<\/div>\n<\/div>\n<\/div>\n<p>[\/et_pb_text][et_pb_button button_url=&#8220;https:\/\/restoranmilagro.com\/wp-content\/uploads\/2026\/02\/MILAGRO-MENI-PRINT.pdf&#8220; button_text=&#8220;Restoran Meni&#8220; _builder_version=&#8220;4.27.5&#8243; _module_preset=&#8220;_initial&#8220; custom_button=&#8220;on&#8220; button_text_size=&#8220;14px&#8220; button_text_color=&#8220;#cd9933&#8243; button_bg_color=&#8220;RGBA(255,255,255,0)&#8220; button_border_color=&#8220;#cd9933&#8243; button_border_radius=&#8220;50px&#8220; button_letter_spacing=&#8220;0.16em&#8220; button_font=&#8220;Poppins|700||on|||||&#8220; button_icon=&#8220;&#x24;||divi||400&#8243; button_on_hover=&#8220;off&#8220; custom_padding=&#8220;16px|50px|16px|40px|true|false&#8220; global_colors_info=&#8220;{}&#8220;][\/et_pb_button][\/et_pb_column][et_pb_column type=&#8220;1_3&#8243; _builder_version=&#8220;4.25.1&#8243; _module_preset=&#8220;_initial&#8220; global_colors_info=&#8220;{}&#8220;][et_pb_image src=&#8220;https:\/\/restoranmilagro.com\/wp-content\/uploads\/2026\/02\/IMG_9570.jpeg&#8220; title_text=&#8220;IMG_9570&#8243; _builder_version=&#8220;4.27.5&#8243; _module_preset=&#8220;_initial&#8220; custom_margin=&#8220;||||false|false&#8220; border_radii=&#8220;on|30px|30px|30px|30px&#8220; global_colors_info=&#8220;{}&#8220;][\/et_pb_image][et_pb_heading title=&#8220;Milagro Bar&#8220; _builder_version=&#8220;4.27.5&#8243; _module_preset=&#8220;_initial&#8220; title_level=&#8220;h4&#8243; title_font=&#8220;Great Vibes||||||||&#8220; title_text_color=&#8220;#cd9933&#8243; title_font_size=&#8220;35px&#8220; title_line_height=&#8220;1.3em&#8220; custom_margin=&#8220;||0px||false|false&#8220; title_font_size_tablet=&#8220;20px&#8220; title_font_size_phone=&#8220;30px&#8220; title_font_size_last_edited=&#8220;on|desktop&#8220; global_colors_info=&#8220;{}&#8220;][\/et_pb_heading][et_pb_text quote_border_color=&#8220;#0047ff&#8220; _builder_version=&#8220;4.27.5&#8243; _module_preset=&#8220;_initial&#8220; text_font=&#8220;Poppins||||||||&#8220; text_font_size=&#8220;16px&#8220; text_line_height=&#8220;1.8em&#8220; link_text_color=&#8220;#0047ff&#8220; ul_line_height=&#8220;1.8em&#8220; ol_line_height=&#8220;1.8em&#8220; quote_font=&#8220;Urbanist||||||||&#8220; quote_text_color=&#8220;#0047ff&#8220; quote_font_size=&#8220;24px&#8220; quote_line_height=&#8220;1.3em&#8220; header_font=&#8220;Urbanist||||||||&#8220; header_font_size=&#8220;72px&#8220; header_line_height=&#8220;1.1em&#8220; header_2_font=&#8220;Urbanist||||||||&#8220; header_2_font_size=&#8220;52px&#8220; header_2_line_height=&#8220;1.2em&#8220; header_3_font=&#8220;Urbanist||||||||&#8220; header_3_font_size=&#8220;36px&#8220; header_3_line_height=&#8220;1.2em&#8220; header_4_font=&#8220;Urbanist||||||||&#8220; header_4_font_size=&#8220;24px&#8220; header_4_line_height=&#8220;1.3em&#8220; header_5_font=&#8220;Urbanist||||||||&#8220; header_5_font_size=&#8220;20px&#8220; header_5_line_height=&#8220;1.4em&#8220; header_6_font=&#8220;Urbanist||||||||&#8220; header_6_font_size=&#8220;16px&#8220; header_6_line_height=&#8220;1.4em&#8220; custom_margin=&#8220;||10px||false|false&#8220; text_font_size_tablet=&#8220;15px&#8220; text_font_size_phone=&#8220;14px&#8220; text_font_size_last_edited=&#8220;on|desktop&#8220; quote_font_size_tablet=&#8220;20px&#8220; quote_font_size_phone=&#8220;16px&#8220; quote_font_size_last_edited=&#8220;on|desktop&#8220; header_font_size_tablet=&#8220;40px&#8220; header_font_size_phone=&#8220;24px&#8220; header_font_size_last_edited=&#8220;on|desktop&#8220; header_2_font_size_tablet=&#8220;32px&#8220; header_2_font_size_phone=&#8220;20px&#8220; header_2_font_size_last_edited=&#8220;on|desktop&#8220; header_3_font_size_tablet=&#8220;24px&#8220; header_3_font_size_phone=&#8220;18px&#8220; header_3_font_size_last_edited=&#8220;on|desktop&#8220; header_4_font_size_tablet=&#8220;20px&#8220; header_4_font_size_phone=&#8220;16px&#8220; header_4_font_size_last_edited=&#8220;on|desktop&#8220; header_5_font_size_tablet=&#8220;18px&#8220; header_5_font_size_phone=&#8220;15px&#8220; header_5_font_size_last_edited=&#8220;on|desktop&#8220; header_6_font_size_tablet=&#8220;15px&#8220; header_6_font_size_phone=&#8220;14px&#8220; header_6_font_size_last_edited=&#8220;on|desktop&#8220; global_colors_info=&#8220;{}&#8220;]<\/p>\n<p>A place to relax with carefully designed cocktails, premium drinks and a pleasant atmosphere for socializing, enjoying and unforgettable evenings.<\/p>\n<p>[\/et_pb_text][et_pb_button button_url=&#8220;https:\/\/restoranmilagro.com\/wp-content\/uploads\/2026\/02\/milagro-bar-menu.pdf&#8220; button_text=&#8220;Milagro Bar Meni&#8220; _builder_version=&#8220;4.27.5&#8243; _module_preset=&#8220;_initial&#8220; custom_button=&#8220;on&#8220; button_text_size=&#8220;14px&#8220; button_text_color=&#8220;#cd9933&#8243; button_bg_color=&#8220;RGBA(255,255,255,0)&#8220; button_border_color=&#8220;#cd9933&#8243; button_border_radius=&#8220;50px&#8220; button_letter_spacing=&#8220;0.16em&#8220; button_font=&#8220;Poppins|700||on|||||&#8220; button_icon=&#8220;&#x24;||divi||400&#8243; button_on_hover=&#8220;off&#8220; custom_padding=&#8220;16px|50px|16px|40px|true|false&#8220; global_colors_info=&#8220;{}&#8220;][\/et_pb_button][\/et_pb_column][et_pb_column type=&#8220;1_3&#8243; _builder_version=&#8220;4.25.1&#8243; _module_preset=&#8220;_initial&#8220; global_colors_info=&#8220;{}&#8220;][et_pb_image src=&#8220;https:\/\/restoranmilagro.com\/wp-content\/uploads\/2026\/02\/paella-bar-milagro.jpeg&#8220; title_text=&#8220;paella bar milagro&#8220; _builder_version=&#8220;4.27.5&#8243; _module_preset=&#8220;_initial&#8220; custom_margin=&#8220;||||false|false&#8220; border_radii=&#8220;on|30px|30px|30px|30px&#8220; global_colors_info=&#8220;{}&#8220;][\/et_pb_image][et_pb_heading title=&#8220;Paella Bar&#8220; _builder_version=&#8220;4.27.5&#8243; _module_preset=&#8220;_initial&#8220; title_level=&#8220;h4&#8243; title_font=&#8220;Great Vibes||||||||&#8220; title_text_color=&#8220;#cd9933&#8243; title_font_size=&#8220;35px&#8220; title_line_height=&#8220;1.3em&#8220; custom_margin=&#8220;||0px||false|false&#8220; title_font_size_tablet=&#8220;20px&#8220; title_font_size_phone=&#8220;30px&#8220; title_font_size_last_edited=&#8220;on|desktop&#8220; global_colors_info=&#8220;{}&#8220;][\/et_pb_heading][et_pb_text quote_border_color=&#8220;#0047ff&#8220; _builder_version=&#8220;4.27.5&#8243; _module_preset=&#8220;_initial&#8220; text_font=&#8220;Poppins||||||||&#8220; text_font_size=&#8220;16px&#8220; text_line_height=&#8220;1.8em&#8220; link_text_color=&#8220;#0047ff&#8220; ul_line_height=&#8220;1.8em&#8220; ol_line_height=&#8220;1.8em&#8220; quote_font=&#8220;Urbanist||||||||&#8220; quote_text_color=&#8220;#0047ff&#8220; quote_font_size=&#8220;24px&#8220; quote_line_height=&#8220;1.3em&#8220; header_font=&#8220;Urbanist||||||||&#8220; header_font_size=&#8220;72px&#8220; header_line_height=&#8220;1.1em&#8220; header_2_font=&#8220;Urbanist||||||||&#8220; header_2_font_size=&#8220;52px&#8220; header_2_line_height=&#8220;1.2em&#8220; header_3_font=&#8220;Urbanist||||||||&#8220; header_3_font_size=&#8220;36px&#8220; header_3_line_height=&#8220;1.2em&#8220; header_4_font=&#8220;Urbanist||||||||&#8220; header_4_font_size=&#8220;24px&#8220; header_4_line_height=&#8220;1.3em&#8220; header_5_font=&#8220;Urbanist||||||||&#8220; header_5_font_size=&#8220;20px&#8220; header_5_line_height=&#8220;1.4em&#8220; header_6_font=&#8220;Urbanist||||||||&#8220; header_6_font_size=&#8220;16px&#8220; header_6_line_height=&#8220;1.4em&#8220; custom_margin=&#8220;||10px||false|false&#8220; text_font_size_tablet=&#8220;15px&#8220; text_font_size_phone=&#8220;14px&#8220; text_font_size_last_edited=&#8220;on|desktop&#8220; quote_font_size_tablet=&#8220;20px&#8220; quote_font_size_phone=&#8220;16px&#8220; quote_font_size_last_edited=&#8220;on|desktop&#8220; header_font_size_tablet=&#8220;40px&#8220; header_font_size_phone=&#8220;24px&#8220; header_font_size_last_edited=&#8220;on|desktop&#8220; header_2_font_size_tablet=&#8220;32px&#8220; header_2_font_size_phone=&#8220;20px&#8220; header_2_font_size_last_edited=&#8220;on|desktop&#8220; header_3_font_size_tablet=&#8220;24px&#8220; header_3_font_size_phone=&#8220;18px&#8220; header_3_font_size_last_edited=&#8220;on|desktop&#8220; header_4_font_size_tablet=&#8220;20px&#8220; header_4_font_size_phone=&#8220;16px&#8220; header_4_font_size_last_edited=&#8220;on|desktop&#8220; header_5_font_size_tablet=&#8220;18px&#8220; header_5_font_size_phone=&#8220;15px&#8220; header_5_font_size_last_edited=&#8220;on|desktop&#8220; header_6_font_size_tablet=&#8220;15px&#8220; header_6_font_size_phone=&#8220;14px&#8220; header_6_font_size_last_edited=&#8220;on|desktop&#8220; global_colors_info=&#8220;{}&#8220;]<\/p>\n<p>Tapas and Paella Bar offers authentic Spanish specialties, a variety of tapas and superbly prepared paella with a rich blend of Mediterranean flavors.<\/p>\n<p>[\/et_pb_text][et_pb_button button_url=&#8220;https:\/\/restoranmilagro.com\/wp-content\/uploads\/2026\/03\/milagro-tapas-bar-menu-mart-srpski.pdf&#8220; button_text=&#8220;Paella Bar Meni&#8220; _builder_version=&#8220;4.27.5&#8243; _module_preset=&#8220;_initial&#8220; custom_button=&#8220;on&#8220; button_text_size=&#8220;14px&#8220; button_text_color=&#8220;#cd9933&#8243; button_bg_color=&#8220;RGBA(255,255,255,0)&#8220; button_border_color=&#8220;#cd9933&#8243; button_border_radius=&#8220;50px&#8220; button_letter_spacing=&#8220;0.16em&#8220; button_font=&#8220;Poppins|700||on|||||&#8220; button_icon=&#8220;&#x24;||divi||400&#8243; button_on_hover=&#8220;off&#8220; custom_padding=&#8220;16px|50px|16px|40px|true|false&#8220; hover_enabled=&#8220;0&#8243; global_colors_info=&#8220;{}&#8220; sticky_enabled=&#8220;0&#8243;][\/et_pb_button][\/et_pb_column][\/et_pb_row][\/et_pb_section]<\/p>","protected":false},"excerpt":{"rendered":"<p>Milagro restoran meni nudi odabrane specijalitete koji spajaju vrhunske ukuse, kvalitetne sastojke i jedinstveno gastronomsko iskustvo. Milagro Bar je mesto za opu\u0161tanje uz pa\u017eljivo osmi\u0161ljene koktele, vrhunska pi\u0107a i prijatnu atmosferu za dru\u017eenje, u\u017eivanje i nezaboravne ve\u010deri.Tapas i Paella Bar nudi autenti\u010dne \u0161panske specijalitete, raznovrsne tapase i vrhunski pripremljenu paellu uz bogat spoj mediteranskih ukusa.<\/p>","protected":false},"author":1,"featured_media":0,"parent":0,"menu_order":0,"comment_status":"closed","ping_status":"closed","template":"","meta":{"_et_pb_use_builder":"on","_et_pb_old_content":"<!-- wp:divi\/placeholder \/-->","_et_gb_content_width":"","footnotes":""},"class_list":["post-244","page","type-page","status-publish","hentry"],"_links":{"self":[{"href":"https:\/\/restoranmilagro.com\/en\/wp-json\/wp\/v2\/pages\/244","targetHints":{"allow":["GET"]}}],"collection":[{"href":"https:\/\/restoranmilagro.com\/en\/wp-json\/wp\/v2\/pages"}],"about":[{"href":"https:\/\/restoranmilagro.com\/en\/wp-json\/wp\/v2\/types\/page"}],"author":[{"embeddable":true,"href":"https:\/\/restoranmilagro.com\/en\/wp-json\/wp\/v2\/users\/1"}],"replies":[{"embeddable":true,"href":"https:\/\/restoranmilagro.com\/en\/wp-json\/wp\/v2\/comments?post=244"}],"version-history":[{"count":25,"href":"https:\/\/restoranmilagro.com\/en\/wp-json\/wp\/v2\/pages\/244\/revisions"}],"predecessor-version":[{"id":652,"href":"https:\/\/restoranmilagro.com\/en\/wp-json\/wp\/v2\/pages\/244\/revisions\/652"}],"wp:attachment":[{"href":"https:\/\/restoranmilagro.com\/en\/wp-json\/wp\/v2\/media?parent=244"}],"curies":[{"name":"wp","href":"https:\/\/api.w.org\/{rel}","templated":true}]}}