{"id":14,"date":"2026-02-10T21:44:44","date_gmt":"2026-02-10T21:44:44","guid":{"rendered":"https:\/\/test.restoranmilagro.com\/?page_id=14"},"modified":"2026-03-20T13:27:23","modified_gmt":"2026-03-20T12:27:23","slug":"o-nama","status":"publish","type":"page","link":"https:\/\/restoranmilagro.com\/en\/about\/","title":{"rendered":"About"},"content":{"rendered":"<p>[et_pb_section fb_built=&#8220;1&#8243; custom_padding_last_edited=&#8220;on|phone&#8220; _builder_version=&#8220;4.27.5&#8243; _module_preset=&#8220;default&#8220; use_background_color_gradient=&#8220;on&#8220; background_color_gradient_direction=&#8220;179deg&#8220; background_color_gradient_stops=&#8220;rgba(0,0,0,0.61) 0%|rgba(0,0,0,0.4) 15%|rgba(0,0,0,0.03) 100%&#8220; background_color_gradient_overlays_image=&#8220;on&#8220; background_image=&#8220;https:\/\/restoranmilagro.com\/wp-content\/uploads\/2026\/02\/onama-milagro.jpg&#8220; min_height=&#8220;551px&#8220; custom_margin_tablet=&#8220;&#8220; custom_margin_phone=&#8220;0px||0px||true|false&#8220; custom_margin_last_edited=&#8220;on|phone&#8220; custom_padding_tablet=&#8220;&#8220; custom_padding_phone=&#8220;||||true&#8220; global_colors_info=&#8220;{}&#8220;][et_pb_row _builder_version=&#8220;4.27.5&#8243; _module_preset=&#8220;default&#8220; custom_margin=&#8220;153px||153px||true|false&#8220; custom_margin_tablet=&#8220;153px||153px||true|false&#8220; custom_margin_phone=&#8220;54px||54px||true|false&#8220; custom_margin_last_edited=&#8220;on|phone&#8220; global_colors_info=&#8220;{}&#8220;][et_pb_column type=&#8220;4_4&#8243; _builder_version=&#8220;4.27.5&#8243; _module_preset=&#8220;default&#8220; global_colors_info=&#8220;{}&#8220;][et_pb_text _builder_version=&#8220;4.27.5&#8243; _module_preset=&#8220;default&#8220; header_3_font=&#8220;Poppins|500||on|||||&#8220; header_3_text_align=&#8220;center&#8220; header_3_text_color=&#8220;#cc9933&#8243; global_colors_info=&#8220;{}&#8220;]<\/p>\n<h3>RESTAURANT MILAGRO<\/h3>\n<p>[\/et_pb_text][et_pb_text _builder_version=&#8220;4.27.5&#8243; _module_preset=&#8220;default&#8220; header_font=&#8220;Great Vibes||||||||&#8220; header_text_align=&#8220;center&#8220; header_text_color=&#8220;#FFFFFF&#8220; header_font_size=&#8220;113px&#8220; header_3_font=&#8220;Poppins|500||on|||||&#8220; header_3_text_align=&#8220;center&#8220; header_3_text_color=&#8220;#cc9933&#8243; header_font_size_tablet=&#8220;113px&#8220; header_font_size_phone=&#8220;87px&#8220; header_font_size_last_edited=&#8220;on|phone&#8220; global_colors_info=&#8220;{}&#8220;]<\/p>\n<h1>About<\/h1>\n<p>[\/et_pb_text][et_pb_text _builder_version=&#8220;4.27.5&#8243; _module_preset=&#8220;default&#8220; header_3_font=&#8220;Poppins|300||on|||||&#8220; header_3_text_align=&#8220;center&#8220; header_3_text_color=&#8220;#FFFFFF&#8220; header_3_font_size=&#8220;30px&#8220; header_3_font_size_tablet=&#8220;30px&#8220; header_3_font_size_phone=&#8220;23px&#8220; header_3_font_size_last_edited=&#8220;on|phone&#8220; header_3_line_height_tablet=&#8220;&#8220; header_3_line_height_phone=&#8220;1.5em&#8220; header_3_line_height_last_edited=&#8220;on|phone&#8220; global_colors_info=&#8220;{}&#8220;]<\/p>\n<h3>SPANISH - MEDITERRANEAN RESTAURANT<\/h3>\n<p>[\/et_pb_text][\/et_pb_column][\/et_pb_row][\/et_pb_section][et_pb_section fb_built=&#8220;1&#8243; custom_padding_last_edited=&#8220;on|phone&#8220; _builder_version=&#8220;4.27.5&#8243; _module_preset=&#8220;default&#8220; background_image=&#8220;https:\/\/restoranmilagro.com\/wp-content\/uploads\/2026\/02\/onama-milagro.jpg&#8220; background_size=&#8220;contain&#8220; background_position=&#8220;top_left&#8220; width=&#8220;100%&#8220; max_width=&#8220;100%&#8220; custom_margin_tablet=&#8220;&#8220; custom_margin_phone=&#8220;0px||0px||true|false&#8220; custom_margin_last_edited=&#8220;on|phone&#8220; custom_padding_tablet=&#8220;&#8220; custom_padding_phone=&#8220;0px||0px||true|false&#8220; hover_enabled=&#8220;0&#8243; background_last_edited=&#8220;on|phone&#8220; background_enable_image_phone=&#8220;off&#8220; global_colors_info=&#8220;{}&#8220; height=&#8220;550px&#8220; sticky_enabled=&#8220;0&#8243;][et_pb_row custom_padding_last_edited=&#8220;on|phone&#8220; _builder_version=&#8220;4.27.5&#8243; _module_preset=&#8220;default&#8220; module_alignment=&#8220;right&#8220; custom_padding=&#8220;0px|117px|0px||true|false&#8220; custom_padding_tablet=&#8220;0px|117px|0px||true|false&#8220; custom_padding_phone=&#8220;0px|0px|0px||true|false&#8220; module_alignment_tablet=&#8220;right&#8220; module_alignment_phone=&#8220;center&#8220; module_alignment_last_edited=&#8220;on|phone&#8220; global_colors_info=&#8220;{}&#8220;][et_pb_column type=&#8220;4_4&#8243; _builder_version=&#8220;4.27.5&#8243; _module_preset=&#8220;default&#8220; global_colors_info=&#8220;{}&#8220;][et_pb_text content_tablet=&#8220;<\/p>\n<h5>Welcome to<\/h5>\n<h2 style=\"%22text-align:\" left;%22>Restaurant Milagro<\/h2>\n<p>\"You will feel in every bite how much attention we pay to our dishes from the menu!\"<\/p>\n<p>The Spanish-Mediterranean restaurant \"Milagro\" started operating on May 23, 2007. With a carefully selected gastronomic offer complemented by a great selection of aperitifs, digestifs and a large selection of local and foreign wines, it is one of the few intimate places today so necessary for business gatherings, but also moments of relaxation with loved ones<\/p>\n<p>&#8220; content_phone=&#8220;<\/p>\n<h5 style=\"%22text-align:\" center;%22>Welcome to<\/h5>\n<h2 style=\"%22text-align:\" center;%22>Restaurant Milagro<\/h2>\n<p>\"You will feel in every bite how much attention we pay to our dishes from the menu!\"<\/p>\n<p>Mesto gde se \u0161pansko-mediteranska kuhinja susre\u0107e sa toplom atmosferom i pa\u017eljivo osmi\u0161ljenim gastronomskim iskustvom. Svako jelo prip\u0161remamo sa posebnom pa\u017enjom, veruju\u0107i da se pravi kvalitet prepoznaje u svakom zalogaju.<\/p>\n<p>Od 2007. godine Milagro je sinonim za u\u017eivanje u vrhunskoj hrani, odabranim vinima i trenucima namenjenim kako poslovnim susretima, tako i opu\u0161tanju sa najbli\u017eima.<\/p>\n<p>&#8220; content_last_edited=&#8220;on|phone&#8220; _builder_version=&#8220;4.27.5&#8243; _module_preset=&#8220;default&#8220; text_font=&#8220;Poppins||||||||&#8220; text_text_color=&#8220;#999999&#8243; text_font_size=&#8220;16px&#8220; header_2_font=&#8220;Poppins|||on|||||&#8220; header_2_text_align=&#8220;left&#8220; header_2_font_size=&#8220;36px&#8220; header_5_font=&#8220;Great Vibes||||||||&#8220; header_5_text_align=&#8220;left&#8220; header_5_text_color=&#8220;#999966&#8243; header_5_font_size=&#8220;56px&#8220; width=&#8220;62%&#8220; width_tablet=&#8220;62%&#8220; width_phone=&#8220;100%&#8220; width_last_edited=&#8220;on|phone&#8220; max_width=&#8220;100%&#8220; module_alignment=&#8220;right&#8220; custom_margin=&#8220;||||false|false&#8220; custom_padding=&#8220;70px||70px||true|false&#8220; text_line_height_tablet=&#8220;&#8220; text_line_height_phone=&#8220;1.8em&#8220; text_line_height_last_edited=&#8220;on|phone&#8220; header_2_text_align_tablet=&#8220;left&#8220; header_2_text_align_phone=&#8220;center&#8220; header_2_text_align_last_edited=&#8220;on|phone&#8220; text_orientation_tablet=&#8220;&#8220; text_orientation_phone=&#8220;center&#8220; text_orientation_last_edited=&#8220;on|phone&#8220; module_alignment_tablet=&#8220;right&#8220; module_alignment_phone=&#8220;center&#8220; module_alignment_last_edited=&#8220;on|phone&#8220; global_colors_info=&#8220;{}&#8220;]<\/p>\n<h5>Welcome to<\/h5>\n<h2 style=\"text-align: left;\">Restaurant Milagro<\/h2>\n<p>\"You will feel in every bite how much attention we pay to our dishes from the menu!\"<\/p>\n<p>Mesto gde se \u0161pansko-mediteranska kuhinja susre\u0107e sa toplom atmosferom i pa\u017eljivo osmi\u0161ljenim gastronomskim iskustvom. Svako jelo prip\u0161remamo sa posebnom pa\u017enjom, veruju\u0107i da se pravi kvalitet prepoznaje u svakom zalogaju.<\/p>\n<p>Od 2007. godine Milagro je sinonim za u\u017eivanje u vrhunskoj hrani, odabranim vinima i trenucima namenjenim kako poslovnim susretima, tako i opu\u0161tanju sa najbli\u017eima.<\/p>\n<p>[\/et_pb_text][\/et_pb_column][\/et_pb_row][\/et_pb_section][et_pb_section fb_built=&#8220;1&#8243; custom_padding_last_edited=&#8220;on|phone&#8220; _builder_version=&#8220;4.27.5&#8243; _module_preset=&#8220;default&#8220; background_color=&#8220;#16191e&#8220; background_image=&#8220;https:\/\/restoranmilagro.com\/wp-content\/uploads\/2026\/02\/20191218-milagro.jpg&#8220; background_size=&#8220;contain&#8220; background_position=&#8220;top_right&#8220; width=&#8220;100%&#8220; max_width=&#8220;100%&#8220; height=&#8220;599px&#8220; height_tablet=&#8220;599px&#8220; height_phone=&#8220;702px&#8220; height_last_edited=&#8220;on|phone&#8220; custom_margin=&#8220;||||false|false&#8220; custom_padding=&#8220;||||false|false&#8220; custom_padding_tablet=&#8220;||||false|false&#8220; custom_padding_phone=&#8220;0px||0px||true|false&#8220; background_last_edited=&#8220;on|phone&#8220; global_colors_info=&#8220;{}&#8220;][et_pb_row custom_padding_last_edited=&#8220;on|phone&#8220; _builder_version=&#8220;4.27.5&#8243; _module_preset=&#8220;default&#8220; module_alignment=&#8220;left&#8220; custom_padding=&#8220;80px|||117px|false|false&#8220; custom_padding_tablet=&#8220;80px|||117px|false|false&#8220; custom_padding_phone=&#8220;187px|||0px|false|false&#8220; module_alignment_tablet=&#8220;left&#8220; module_alignment_phone=&#8220;center&#8220; module_alignment_last_edited=&#8220;on|phone&#8220; global_colors_info=&#8220;{}&#8220;][et_pb_column type=&#8220;4_4&#8243; _builder_version=&#8220;4.27.5&#8243; _module_preset=&#8220;default&#8220; global_colors_info=&#8220;{}&#8220;][et_pb_text content_tablet=&#8220;<\/p>\n<p>Insisting on exclusively fresh ingredients for cooking, the restaurant \"Milagro\" offers a large selection of appetizers, salads, main dishes, and desserts. With the obligatory fresh river fish and Alaskan soup, the largest part of the offer belongs to the Spanish-Mediterranean cuisine. These are specialties such as tapas (snacks), paella, tortillas, specialties made from fresh sea fish, Chuleton, which \"Milagro\" was the first to present to the capital and this became a favorite place of its fans of good snacks.<\/p>\n<p>&#8220; content_phone=&#8220;<\/p>\n<p style=\"%22text-align:\" center;%22>Insisting on exclusively fresh ingredients for cooking, the restaurant \"Milagro\" offers a large selection of appetizers, salads, main dishes, and desserts. With the obligatory fresh river fish and Alaskan soup, the largest part of the offer belongs to the Spanish-Mediterranean cuisine. These are specialties such as tapas (snacks), paella, tortillas, specialties made from fresh sea fish, Chuleton, which \"Milagro\" was the first to present to the capital and this became a favorite place of its fans of good snacks.<\/p>\n<p>&#8220; content_last_edited=&#8220;on|phone&#8220; _builder_version=&#8220;4.27.5&#8243; _module_preset=&#8220;default&#8220; text_font=&#8220;Poppins||||||||&#8220; text_text_color=&#8220;rgba(255,255,255,0.82)&#8220; text_font_size=&#8220;16px&#8220; text_line_height=&#8220;1.8em&#8220; width=&#8220;62%&#8220; width_tablet=&#8220;62%&#8220; width_phone=&#8220;100%&#8220; width_last_edited=&#8220;on|phone&#8220; max_width=&#8220;100%&#8220; module_alignment=&#8220;left&#8220; custom_padding=&#8220;70px||70px||true|false&#8220; custom_padding_tablet=&#8220;70px||70px||true|false&#8220; custom_padding_phone=&#8220;102px||102px||true|false&#8220; custom_padding_last_edited=&#8220;on|phone&#8220; text_line_height_tablet=&#8220;1.8em&#8220; text_line_height_phone=&#8220;1.9em&#8220; text_line_height_last_edited=&#8220;on|phone&#8220; text_orientation_tablet=&#8220;&#8220; text_orientation_phone=&#8220;center&#8220; text_orientation_last_edited=&#8220;on|phone&#8220; module_alignment_tablet=&#8220;left&#8220; module_alignment_phone=&#8220;center&#8220; module_alignment_last_edited=&#8220;on|phone&#8220; global_colors_info=&#8220;{}&#8220;]<\/p>\n<p>Na\u0161 meni pa\u017eljivo je osmi\u0161ljen kako bi ponudio raznovrsne ukuse &#8211; od laganih zalogaja i tapas specijaliteta do pa\u017eljivo pripremljenih glavnih jela i deserata.<\/p>\n<p>Posebno mesto zauzimaju vrhunski komadi mesa poput \u010duvenog \u0107uletona koji je Milagro prvi predstavio prestonici, kao i pa\u017eljivo odabrani riblji specijaliteti.<\/p>\n<p>[\/et_pb_text][\/et_pb_column][\/et_pb_row][\/et_pb_section][et_pb_section fb_built=&#8220;1&#8243; custom_padding_last_edited=&#8220;on|phone&#8220; _builder_version=&#8220;4.27.5&#8243; _module_preset=&#8220;default&#8220; background_image=&#8220;https:\/\/restoranmilagro.com\/wp-content\/uploads\/2026\/02\/poslovni-sastanak-milagro-1.jpg&#8220; background_size=&#8220;contain&#8220; background_position=&#8220;top_left&#8220; width=&#8220;100%&#8220; max_width=&#8220;100%&#8220; custom_margin_tablet=&#8220;&#8220; custom_margin_phone=&#8220;||||false|false&#8220; custom_margin_last_edited=&#8220;on|phone&#8220; custom_padding_tablet=&#8220;&#8220; custom_padding_phone=&#8220;&#8220; global_colors_info=&#8220;{}&#8220;][et_pb_row custom_padding_last_edited=&#8220;on|phone&#8220; _builder_version=&#8220;4.27.5&#8243; _module_preset=&#8220;default&#8220; module_alignment=&#8220;right&#8220; height=&#8220;509px&#8220; custom_margin=&#8220;-29px||||false|false&#8220; custom_margin_tablet=&#8220;-29px||||false|false&#8220; custom_margin_phone=&#8220;160px||||false|false&#8220; custom_margin_last_edited=&#8220;on|phone&#8220; custom_padding=&#8220;0px|117px|0px||true|false&#8220; custom_padding_tablet=&#8220;0px|117px|0px||true|false&#8220; custom_padding_phone=&#8220;0px|0px|0px||true|false&#8220; module_alignment_tablet=&#8220;right&#8220; module_alignment_phone=&#8220;center&#8220; module_alignment_last_edited=&#8220;on|phone&#8220; global_colors_info=&#8220;{}&#8220;][et_pb_column type=&#8220;4_4&#8243; _builder_version=&#8220;4.27.5&#8243; _module_preset=&#8220;default&#8220; global_colors_info=&#8220;{}&#8220;][et_pb_text content_tablet=&#8220;<\/p>\n<h5>Ideal place for<\/h5>\n<h2 style=\"%22text-align:\" left;%22>BUSINESS MEETING<\/h2>\n<p>If you want to celebrate a birthday, your company's anniversary, the arrival of important business partners, a wedding, a baptism, the New Year or anything else, the Milagro restaurant is the right place for such occasions. Our offer consists of a rich selection of Spanish-Mediterranean cuisine, an excellent range of alcoholic and non-alcoholic beverages and more. In the modernly equipped ambience of the Milagro restaurant, you can always expect the highest quality service, friendly and always reliable staff. You can contact us for more information.<\/p>\n<\/p>\n<p>&#8220; content_phone=&#8220;<\/p>\n<h5 style=\"%22text-align:\" center;%22>Ideal place for<\/h5>\n<h2 style=\"%22text-align:\" center;%22>BUSINESS MEETING<\/h2>\n<p style=\"%22text-align:\" center;%22>If you want to celebrate a birthday, your company's anniversary, the arrival of important business partners, a wedding, a baptism, the New Year or anything else, the Milagro restaurant is the right place for such occasions. Our offer consists of a rich selection of Spanish-Mediterranean cuisine, an excellent range of alcoholic and non-alcoholic beverages and more. In the modernly equipped ambience of the Milagro restaurant, you can always expect the highest quality service, friendly and always reliable staff. You can contact us for more information.<\/p>\n<\/p>\n<p>&#8220; content_last_edited=&#8220;on|phone&#8220; _builder_version=&#8220;4.27.5&#8243; _module_preset=&#8220;default&#8220; text_font=&#8220;Poppins||||||||&#8220; text_text_color=&#8220;#999999&#8243; text_font_size=&#8220;16px&#8220; header_2_font=&#8220;Poppins|||on|||||&#8220; header_2_text_align=&#8220;left&#8220; header_2_font_size=&#8220;36px&#8220; header_5_font=&#8220;Great Vibes||||||||&#8220; header_5_text_align=&#8220;left&#8220; header_5_text_color=&#8220;#999966&#8243; header_5_font_size=&#8220;56px&#8220; width=&#8220;62%&#8220; width_tablet=&#8220;62%&#8220; width_phone=&#8220;100%&#8220; width_last_edited=&#8220;on|phone&#8220; max_width=&#8220;100%&#8220; module_alignment=&#8220;right&#8220; height_tablet=&#8220;&#8220; height_phone=&#8220;&#8220; height_last_edited=&#8220;on|phone&#8220; max_height_phone=&#8220;1000px&#8220; max_height_last_edited=&#8220;off|phone&#8220; custom_margin=&#8220;||||false|false&#8220; custom_padding=&#8220;70px||70px||true|false&#8220; text_line_height_tablet=&#8220;&#8220; text_line_height_phone=&#8220;1.8em&#8220; text_line_height_last_edited=&#8220;on|phone&#8220; module_alignment_tablet=&#8220;right&#8220; module_alignment_phone=&#8220;center&#8220; module_alignment_last_edited=&#8220;on|phone&#8220; global_colors_info=&#8220;{}&#8220;]<\/p>\n<h5>Ideal place for<\/h5>\n<h2 style=\"text-align: left;\">BUSINESS MEETING<\/h2>\n<p>If you want to celebrate a birthday, your company's anniversary, the arrival of important business partners, a wedding, a baptism, the New Year or anything else, the Milagro restaurant is the right place for such occasions. Our offer consists of a rich selection of Spanish-Mediterranean cuisine, an excellent range of alcoholic and non-alcoholic beverages and more. In the modernly equipped ambience of the Milagro restaurant, you can always expect the highest quality service, friendly and always reliable staff. You can contact us for more information.<\/p>\n<p>&nbsp;<\/p>\n<p>[\/et_pb_text][et_pb_button button_url=&#8220;@ET-DC@eyJkeW5hbWljIjp0cnVlLCJjb250ZW50IjoicG9zdF9saW5rX3VybF9wYWdlIiwic2V0dGluZ3MiOnsicG9zdF9pZCI6IjI0In19@&#8220; button_text=&#8220;Doga\u0111aj&#8220; button_alignment=&#8220;center&#8220; _builder_version=&#8220;4.27.5&#8243; _dynamic_attributes=&#8220;button_url&#8220; _module_preset=&#8220;default&#8220; custom_button=&#8220;on&#8220; button_text_color=&#8220;#999966&#8243; button_bg_color=&#8220;#FFFFFF&#8220; button_border_color=&#8220;#999966&#8243; button_font=&#8220;Poppins|||on|||||&#8220; custom_margin=&#8220;-95px|||-105px|false|false&#8220; custom_margin_tablet=&#8220;-95px|||-105px|false|false&#8220; custom_margin_phone=&#8220;-95px|||0px|false|false&#8220; custom_margin_last_edited=&#8220;on|phone&#8220; global_colors_info=&#8220;{}&#8220;][\/et_pb_button][\/et_pb_column][\/et_pb_row][\/et_pb_section][et_pb_section fb_built=&#8220;1&#8243; custom_padding_last_edited=&#8220;on|phone&#8220; _builder_version=&#8220;4.27.5&#8243; _module_preset=&#8220;default&#8220; background_image=&#8220;https:\/\/restoranmilagro.com\/wp-content\/uploads\/2026\/02\/onama-milagro.jpg&#8220; background_size=&#8220;contain&#8220; background_position=&#8220;top_left&#8220; width=&#8220;100%&#8220; max_width=&#8220;100%&#8220; min_height=&#8220;550px&#8220; custom_margin_tablet=&#8220;&#8220; custom_margin_phone=&#8220;0px||0px||true|false&#8220; custom_margin_last_edited=&#8220;on|phone&#8220; custom_padding_tablet=&#8220;&#8220; custom_padding_phone=&#8220;0px||0px||true|false&#8220; background_last_edited=&#8220;on|phone&#8220; background_enable_image_phone=&#8220;off&#8220; global_colors_info=&#8220;{}&#8220;][et_pb_row column_structure=&#8220;1_2,1_2&#8243; custom_padding_last_edited=&#8220;on|phone&#8220; _builder_version=&#8220;4.27.5&#8243; _module_preset=&#8220;default&#8220; position_origin_a_tablet=&#8220;&#8220; position_origin_a_phone=&#8220;&#8220; position_origin_a_last_edited=&#8220;on|phone&#8220; position_origin_f_tablet=&#8220;&#8220; position_origin_f_phone=&#8220;&#8220; position_origin_f_last_edited=&#8220;on|phone&#8220; position_origin_r_tablet=&#8220;&#8220; position_origin_r_phone=&#8220;&#8220; position_origin_r_last_edited=&#8220;on|phone&#8220; module_alignment=&#8220;left&#8220; height=&#8220;439px&#8220; height_tablet=&#8220;439px&#8220; height_phone=&#8220;439px&#8220; height_last_edited=&#8220;on|phone&#8220; custom_margin=&#8220;||||false|false&#8220; custom_padding=&#8220;0px|24px|0px||true|false&#8220; custom_padding_tablet=&#8220;0px|24px|0px||true|false&#8220; custom_padding_phone=&#8220;0px|0px|0px|0px|true|true&#8220; positioning_tablet=&#8220;&#8220; positioning_phone=&#8220;none&#8220; positioning_last_edited=&#8220;on|phone&#8220; module_alignment_tablet=&#8220;left&#8220; module_alignment_phone=&#8220;center&#8220; module_alignment_last_edited=&#8220;on|phone&#8220; global_colors_info=&#8220;{}&#8220;][et_pb_column type=&#8220;1_2&#8243; _builder_version=&#8220;4.27.5&#8243; _module_preset=&#8220;default&#8220; global_colors_info=&#8220;{}&#8220;][et_pb_text _builder_version=&#8220;4.27.5&#8243; _module_preset=&#8220;default&#8220; text_font=&#8220;Poppins||||||||&#8220; text_text_color=&#8220;#FFFFFF&#8220; text_font_size=&#8220;16px&#8220; text_letter_spacing=&#8220;3px&#8220; text_line_height=&#8220;2em&#8220; link_text_color=&#8220;#FFFFFF&#8220; header_2_font=&#8220;Poppins|||on|||||&#8220; header_2_text_align=&#8220;left&#8220; header_2_text_color=&#8220;#FFFFFF&#8220; header_2_font_size=&#8220;36px&#8220; header_5_font=&#8220;Great Vibes||||||||&#8220; header_5_text_align=&#8220;left&#8220; header_5_text_color=&#8220;#999966&#8243; header_5_font_size=&#8220;56px&#8220; positioning=&#8220;relative&#8220; vertical_offset=&#8220;15px&#8220; horizontal_offset=&#8220;190px&#8220; position_origin_a_tablet=&#8220;&#8220; position_origin_a_phone=&#8220;&#8220; position_origin_a_last_edited=&#8220;on|phone&#8220; position_origin_f_tablet=&#8220;&#8220; position_origin_f_phone=&#8220;&#8220; position_origin_f_last_edited=&#8220;on|phone&#8220; position_origin_r_tablet=&#8220;&#8220; position_origin_r_phone=&#8220;&#8220; position_origin_r_last_edited=&#8220;on|phone&#8220; width=&#8220;100%&#8220; max_width=&#8220;100%&#8220; module_alignment=&#8220;center&#8220; custom_margin=&#8220;95px||||false|false&#8220; custom_margin_tablet=&#8220;95px||||false|false&#8220; custom_margin_phone=&#8220;0px||||false|false&#8220; custom_margin_last_edited=&#8220;on|phone&#8220; custom_padding=&#8220;70px||70px||true|false&#8220; custom_padding_tablet=&#8220;70px||70px||true|false&#8220; custom_padding_phone=&#8220;||||true|false&#8220; custom_padding_last_edited=&#8220;on|phone&#8220; text_text_color_tablet=&#8220;#FFFFFF&#8220; text_text_color_phone=&#8220;#000000&#8243; text_text_color_last_edited=&#8220;on|phone&#8220; link_text_color_tablet=&#8220;#FFFFFF&#8220; link_text_color_phone=&#8220;#000000&#8243; link_text_color_last_edited=&#8220;on|phone&#8220; header_2_text_color_tablet=&#8220;#FFFFFF&#8220; header_2_text_color_phone=&#8220;#000000&#8243; header_2_text_color_last_edited=&#8220;on|phone&#8220; header_2_line_height_tablet=&#8220;&#8220; header_2_line_height_phone=&#8220;1.4em&#8220; header_2_line_height_last_edited=&#8220;on|phone&#8220; positioning_tablet=&#8220;relative&#8220; positioning_phone=&#8220;none&#8220; positioning_last_edited=&#8220;on|phone&#8220; global_colors_info=&#8220;{}&#8220;]<\/p>\n<h2 style=\"text-align: center;\">CONTACT INFORMATION<\/h2>\n<p style=\"text-align: center;\">Kej Oslobo\u0111enja 55, 11080 Zemun, Belgrade<br \/><a href=\"#\" style=\"color: white;\">+381 11 3160 160 \/ +381 65 333 1600<\/a><br \/>restoranmilagro@gmail.com<\/p>\n<p>[\/et_pb_text][\/et_pb_column][et_pb_column type=&#8220;1_2&#8243; _builder_version=&#8220;4.27.5&#8243; _module_preset=&#8220;default&#8220; global_colors_info=&#8220;{}&#8220;][et_pb_code disabled_on=&#8220;on|on|off&#8220; _builder_version=&#8220;4.27.5&#8243; _module_preset=&#8220;default&#8220; positioning=&#8220;relative&#8220; position_origin_r=&#8220;top_right&#8220; vertical_offset=&#8220;-40px&#8220; horizontal_offset=&#8220;-899px&#8220; custom_margin=&#8220;-14px|||-478px|false|false&#8220; custom_padding=&#8220;0px||0px||true|false&#8220; global_colors_info=&#8220;{}&#8220;]<iframe loading=\"lazy\" src=\"https:\/\/www.google.com\/maps\/embed?pb=!1m18!1m12!1m3!1d2828.6856879349884!2d20.41064551580504!3d44.848333982345366!2m3!1f0!2f0!3f0!3m2!1i1024!2i768!4f13.1!3m3!1m2!1s0x475a65ac310488b5%3A0xf000be6906926a3e!2z0JzQuNC70LDQs9GA0L4!5e0!3m2!1ssr!2srs!4v1585271572302!5m2!1ssr!2srs\" width=\"100%\" height=\"550px\" frameborder=\"0\" style=\"border:0;\" allowfullscreen=\"\" aria-hidden=\"false\" tabindex=\"0\"><\/iframe>[\/et_pb_code][\/et_pb_column][\/et_pb_row][\/et_pb_section][et_pb_section fb_built=&#8220;1&#8243; disabled_on=&#8220;off|on|on&#8220; _builder_version=&#8220;4.27.5&#8243; _module_preset=&#8220;default&#8220; global_colors_info=&#8220;{}&#8220;][et_pb_row custom_padding_last_edited=&#8220;on|phone&#8220; _builder_version=&#8220;4.27.5&#8243; _module_preset=&#8220;default&#8220; custom_margin_tablet=&#8220;&#8220; custom_margin_phone=&#8220;0px||0px||true|false&#8220; custom_margin_last_edited=&#8220;on|phone&#8220; custom_padding_tablet=&#8220;&#8220; custom_padding_phone=&#8220;0px||0px||true|false&#8220; global_colors_info=&#8220;{}&#8220;][et_pb_column type=&#8220;4_4&#8243; _builder_version=&#8220;4.27.5&#8243; _module_preset=&#8220;default&#8220; global_colors_info=&#8220;{}&#8220;][et_pb_code _builder_version=&#8220;4.27.5&#8243; _module_preset=&#8220;default&#8220; global_colors_info=&#8220;{}&#8220;]<iframe loading=\"lazy\" src=\"https:\/\/www.google.com\/maps\/embed?pb=!1m18!1m12!1m3!1d2828.6856879349884!2d20.41064551580504!3d44.848333982345366!2m3!1f0!2f0!3f0!3m2!1i1024!2i768!4f13.1!3m3!1m2!1s0x475a65ac310488b5%3A0xf000be6906926a3e!2z0JzQuNC70LDQs9GA0L4!5e0!3m2!1ssr!2srs!4v1585271572302!5m2!1ssr!2srs\" width=\"100%\" height=\"550px\" frameborder=\"0\" style=\"border:0;\" allowfullscreen=\"\" aria-hidden=\"false\" tabindex=\"0\"><\/iframe>[\/et_pb_code][\/et_pb_column][\/et_pb_row][\/et_pb_section]<\/p>","protected":false},"excerpt":{"rendered":"<p>restoran milagroO nama\u0160PANSKO &#8211; MEDITERANSKI RESTORANDobro do\u0161li u Restoran Milagro \u201cKoliko pa\u017enje poklanjamo na\u0161im jelima sa menija oseti\u0107ete ba\u0161 u svakom zalogaju!\u201d Mesto gde se \u0161pansko-mediteranska kuhinja susre\u0107e sa toplom atmosferom i pa\u017eljivo osmi\u0161ljenim gastronomskim iskustvom. Svako jelo prip\u0161remamo sa posebnom pa\u017enjom, veruju\u0107i da se pravi kvalitet prepoznaje u svakom zalogaju. Od 2007. godine Milagro [&hellip;]<\/p>","protected":false},"author":1,"featured_media":0,"parent":0,"menu_order":0,"comment_status":"closed","ping_status":"closed","template":"","meta":{"_et_pb_use_builder":"on","_et_pb_old_content":"<!-- wp:divi\/placeholder \/-->","_et_gb_content_width":"","footnotes":""},"class_list":["post-14","page","type-page","status-publish","hentry"],"_links":{"self":[{"href":"https:\/\/restoranmilagro.com\/en\/wp-json\/wp\/v2\/pages\/14","targetHints":{"allow":["GET"]}}],"collection":[{"href":"https:\/\/restoranmilagro.com\/en\/wp-json\/wp\/v2\/pages"}],"about":[{"href":"https:\/\/restoranmilagro.com\/en\/wp-json\/wp\/v2\/types\/page"}],"author":[{"embeddable":true,"href":"https:\/\/restoranmilagro.com\/en\/wp-json\/wp\/v2\/users\/1"}],"replies":[{"embeddable":true,"href":"https:\/\/restoranmilagro.com\/en\/wp-json\/wp\/v2\/comments?post=14"}],"version-history":[{"count":40,"href":"https:\/\/restoranmilagro.com\/en\/wp-json\/wp\/v2\/pages\/14\/revisions"}],"predecessor-version":[{"id":653,"href":"https:\/\/restoranmilagro.com\/en\/wp-json\/wp\/v2\/pages\/14\/revisions\/653"}],"wp:attachment":[{"href":"https:\/\/restoranmilagro.com\/en\/wp-json\/wp\/v2\/media?parent=14"}],"curies":[{"name":"wp","href":"https:\/\/api.w.org\/{rel}","templated":true}]}}